{"id":212,"date":"2023-03-29T08:00:48","date_gmt":"2023-03-29T07:00:48","guid":{"rendered":"https:\/\/digitaleconomy.wales\/ecce2023\/?page_id=212"},"modified":"2023-03-31T15:09:43","modified_gmt":"2023-03-31T14:09:43","slug":"workshops","status":"publish","type":"page","link":"https:\/\/digitaleconomy.wales\/ecce2023\/workshops\/","title":{"rendered":"Workshops"},"content":{"rendered":"\n<p><strong><span style=\"text-decoration: underline\">Workshops<\/span><\/strong>: This year we have the pleasure of running two workshops on the day before the main conference &#8211; Tuesday 19th September. You are invited to submit position papers for either workshop &#8211; details appear below. <\/p>\n\n\n\n<p>The titles of the workshops are <em>&#8220;Dark Patterns in HCI Design: the shadow side of cognitive ergonomics, platform effects and hidden incentives<\/em>&#8221; and &#8220;<em>Analysing the quality of collaboration: cognitive ergonomics meets data analytics<\/em>&#8220;.<\/p>\n\n\n\n<p><strong>The deadline for position papers in either workshop is May 15th, 18.00 (CET)<\/strong>.<\/p>\n\n\n\n<p><strong><span style=\"text-decoration: underline\">Costs<\/span><\/strong>: <strong>Registration for workshops<\/strong> will cost <em>60 GBP<\/em> for those that register for the main conference, and <em>90 GBP<\/em> for those that only attend the workshop. Registration will open in April. <\/p>\n\n\n\n<p class=\"has-large-font-size\"><strong>Workshop 1<\/strong>: Dark Patterns in HCI Design: the shadow side of cognitive ergonomics, platform effects and hidden incentives.<\/p>\n\n\n\n<figure class=\"wp-block-image size-large\"><img loading=\"lazy\" decoding=\"async\" width=\"1024\" height=\"712\" src=\"https:\/\/digitaleconomy.wales\/ecce2023\/wp-content\/uploads\/sites\/3\/2023\/03\/Dark-Patterns2_CEIW_2023-03-30_small-1024x712.jpg\" alt=\"\" class=\"wp-image-247\" srcset=\"https:\/\/digitaleconomy.wales\/ecce2023\/wp-content\/uploads\/sites\/3\/2023\/03\/Dark-Patterns2_CEIW_2023-03-30_small-1024x712.jpg 1024w, https:\/\/digitaleconomy.wales\/ecce2023\/wp-content\/uploads\/sites\/3\/2023\/03\/Dark-Patterns2_CEIW_2023-03-30_small-300x209.jpg 300w, https:\/\/digitaleconomy.wales\/ecce2023\/wp-content\/uploads\/sites\/3\/2023\/03\/Dark-Patterns2_CEIW_2023-03-30_small-768x534.jpg 768w, https:\/\/digitaleconomy.wales\/ecce2023\/wp-content\/uploads\/sites\/3\/2023\/03\/Dark-Patterns2_CEIW_2023-03-30_small-1536x1068.jpg 1536w, https:\/\/digitaleconomy.wales\/ecce2023\/wp-content\/uploads\/sites\/3\/2023\/03\/Dark-Patterns2_CEIW_2023-03-30_small.jpg 1596w\" sizes=\"auto, (max-width: 1024px) 100vw, 1024px\" \/><\/figure>\n\n\n\n<p class=\"has-large-font-size\"><strong>Organisers<\/strong><\/p>\n\n\n\n<p>Raymond Bond, Christof van Nimwegen, Carina Westling, and Harry J Witchel<\/p>\n\n\n\n<p><strong>Abstract<\/strong><\/p>\n\n\n\n<p>This workshop will explore the ethics of dark patterns in HCI design. Dark Patterns in HCI occur when an interface design lures users (or designers) into unintended, undesired and involuntary actions by misdirecting, confusing, or exhausting the user or designer. This includes intentional or unintentional incentivization mechanisms, perverse monetization, implicit or deliberate bias and discrimination, behavioural \u2018nudging\u2019 that is embedded in design, and unethical design that coerces, manipulates or corrupts user (and designer) activity. Christof van Nimwegen will start this workshop by showing how these patterns are not just \u201csloppy\u201d or \u201cinelegant\u201d designs without ill intent but are sometimes rather carefully crafted with an understanding of human psychology. Examples include choices that are effectively forced; interface design that exposes the user to content they do not wish to see and cannot easily deselect; interface design that stimulates compulsive behaviours; embedded race or gender bias in AI, face recognition, sensor technologies and\/or automated screening and sifting algorithms; selection bias; unethical uses of machine learning and methods; programmatic presentation that misrepresents optionality or customer choice to serve business objectives with insufficient transparency and systemic incentivization of behaviours that erode civic society. We shall:<\/p>\n\n\n\n<ul class=\"wp-block-list\">\n<li>gain better understanding of the cascading effects of embedded incentivization mechanisms<\/li>\n\n\n\n<li>explore ramifications of design choices when implemented at scale<\/li>\n\n\n\n<li>and, identify relevant questions for ethical HCI design.<\/li>\n<\/ul>\n\n\n\n<p>In addition to group discussions and breakout groups relating to ethical dilemmas, attendees will be allowed (but not required) to present a pre-prepared 5-minute (PowerPoint) flashtalk.<\/p>\n\n\n\n<p>For further information or to propose a flashtalk topic, contact ecce2023@gmail.com with &#8220;Dark Patterns workshop&#8221; in the subject line.<\/p>\n\n\n\n<div class=\"wp-block-columns is-layout-flex wp-container-core-columns-is-layout-28f84493 wp-block-columns-is-layout-flex\">\n<div class=\"wp-block-column is-layout-flow wp-block-column-is-layout-flow\">\n<p class=\"has-large-font-size\"><strong>Workshop 2: Analysing the quality of collaboration: cognitive ergonomics meets data analytics<\/strong><\/p>\n\n\n\n<p><strong>Organisers<\/strong><\/p>\n\n\n\n<p>Michael J. Baker, Jean-Marie Burkhardt, Fran\u00e7oise D\u00e9tienne, St\u00e9phane Safin, Simon Buckingham Shum, Mutlu Cukurova, Myriam Lewkowicz<\/p>\n\n\n\n<p><strong>Abstract<\/strong><\/p>\n\n\n\n<p>This workshop aims to study theories, models and analysis techniques that enable to understand and assess&nbsp;the quality of collaborative activity in task-oriented interactions. In particular, the goal is to capitalise on the links between research&nbsp;in cognitive ergonomics on the quality of collaboration and research in the domains of analytics and data&nbsp;science applied to collaborative situations.&nbsp;Application domains may range from various&nbsp;workplace and educational situations involving varied tasks (collaborative design, learning, decision-making,&nbsp;teaming, etc.).<\/p>\n\n\n\n<p>The&nbsp;workshop will be organised as an interactive&nbsp;work group event, including&nbsp;short talks and group discussions. Each participant is expected to submit a 2-4 page position papers, before May 15th 2023. More details and a call for submission can be found <a href=\"http:\/\/digitaleconomy.wales\/ecce2023\/wp-content\/uploads\/sites\/3\/2023\/03\/WorkshopCallECCE2023.pdf\">here<\/a>.<\/p>\n\n\n\n<p>To propose a position paper, please contact: Fran\u00e7oise D\u00e9tienne (francoise.detienne@telecom-paris.fr) AND Jean-Marie Burkhardt (jean-marie.burkhardt@univ-eiffel.fr)<\/p>\n<\/div>\n<\/div>\n","protected":false},"excerpt":{"rendered":"<p>Workshops: This year we have the pleasure of running two workshops on the day before the main conference &#8211; Tuesday 19th September. You are invited to submit position papers for either workshop &#8211; details appear below. The titles of the workshops are &#8220;Dark Patterns in HCI Design: the shadow side of cognitive ergonomics, platform effects [&hellip;]<\/p>\n","protected":false},"author":3,"featured_media":0,"parent":0,"menu_order":2,"comment_status":"closed","ping_status":"closed","template":"","meta":{"footnotes":""},"class_list":["post-212","page","type-page","status-publish","hentry"],"_links":{"self":[{"href":"https:\/\/digitaleconomy.wales\/ecce2023\/wp-json\/wp\/v2\/pages\/212","targetHints":{"allow":["GET"]}}],"collection":[{"href":"https:\/\/digitaleconomy.wales\/ecce2023\/wp-json\/wp\/v2\/pages"}],"about":[{"href":"https:\/\/digitaleconomy.wales\/ecce2023\/wp-json\/wp\/v2\/types\/page"}],"author":[{"embeddable":true,"href":"https:\/\/digitaleconomy.wales\/ecce2023\/wp-json\/wp\/v2\/users\/3"}],"replies":[{"embeddable":true,"href":"https:\/\/digitaleconomy.wales\/ecce2023\/wp-json\/wp\/v2\/comments?post=212"}],"version-history":[{"count":20,"href":"https:\/\/digitaleconomy.wales\/ecce2023\/wp-json\/wp\/v2\/pages\/212\/revisions"}],"predecessor-version":[{"id":250,"href":"https:\/\/digitaleconomy.wales\/ecce2023\/wp-json\/wp\/v2\/pages\/212\/revisions\/250"}],"wp:attachment":[{"href":"https:\/\/digitaleconomy.wales\/ecce2023\/wp-json\/wp\/v2\/media?parent=212"}],"curies":[{"name":"wp","href":"https:\/\/api.w.org\/{rel}","templated":true}]}}