{"id":368,"date":"2023-09-19T16:51:32","date_gmt":"2023-09-19T15:51:32","guid":{"rendered":"https:\/\/digitaleconomy.wales\/ecce2023\/?page_id=368"},"modified":"2023-10-02T10:01:07","modified_gmt":"2023-10-02T09:01:07","slug":"proceedings","status":"publish","type":"page","link":"https:\/\/digitaleconomy.wales\/ecce2023\/proceedings\/","title":{"rendered":"Proceedings"},"content":{"rendered":"\n<p>The published ACM ECCE&#8217;23 Proceedings are now available here: <a href=\"https:\/\/dl.acm.org\/doi\/proceedings\/10.1145\/3605655 \">https:\/\/dl.acm.org\/doi\/proceedings\/10.1145\/3605655 <\/a><\/p>\n\n\n\n<p>Download all files as a <a rel=\"noreferrer noopener\" href=\"https:\/\/digitaleconomy.wales\/documents\/ecce-2023-papers\/ecce-2023-articles.zip\" target=\"_blank\">single zip<\/a> (90Mb)<\/p>\n\n\n\n<figure class=\"wp-block-table\"><table><tbody><tr><td>Strategies, Practices, And Challenges In Interactive Prototypes Construction: A Field Study In A Design Course<\/td><td>Andrea Alessandrini<\/td><td><a target=\"_blank\" href=\"https:\/\/digitaleconomy.wales\/documents\/ecce-2023-papers\/01-Strategies-Practices-and-Challenges.pdf\" rel=\"noreferrer noopener\">download<\/a><\/td><\/tr><tr><td>Moments Of Surprise: Preparing Technology-Oriented Students For Interdisciplinary Work.&nbsp;<\/td><td>Anke Dittmar<\/td><td><a target=\"_blank\" href=\"https:\/\/digitaleconomy.wales\/documents\/ecce-2023-papers\/02-Moments-of-Surprise.pdf\" rel=\"noreferrer noopener\">download<\/a><\/td><\/tr><tr><td>Rlabs Youth Caf\u00e9s And The Zlto Exchange System \u2013 Implementing A Community Currency On Smartphones, To Promote Personal Development In A Socially Challenged Community.<\/td><td>J\u00f6rn Christiansson<\/td><td><a target=\"_blank\" href=\"https:\/\/digitaleconomy.wales\/documents\/ecce-2023-papers\/03-The-Zlto-Exchange-system.pdf\" rel=\"noreferrer noopener\">download<\/a><\/td><\/tr><tr><td>Designing Multimodal Video Search By Examples (MVSE) User Interfaces: UX Requirements Elicitation And Insights From Semi-Structured Interviews.&nbsp;<\/td><td>Kyle Boyd, Patrick McAllister, Maurice Mulvenna, Raymond Bond, Hui Wang, Ivor Spence, Guanfeng Wu, and Abbas Haider<\/td><td><a target=\"_blank\" href=\"https:\/\/digitaleconomy.wales\/documents\/ecce-2023-papers\/04-Designing-Multimodal-Video-Search.pdf\" rel=\"noreferrer noopener\">download<\/a><\/td><\/tr><tr><td>Understanding The Challenge Of The Energy Crisis \u2013 Tackling System Complexity With Megagaming.<\/td><td>Bj\u00f6rn Johansson, Peter Berggren, and Ola Leifler<\/td><td><a target=\"_blank\" href=\"https:\/\/digitaleconomy.wales\/documents\/ecce-2023-papers\/05-Understanding-the-challenge-of-the-energy-crisis.pdf\" rel=\"noreferrer noopener\">download<\/a><\/td><\/tr><tr><td>The Impact of Scrollytelling on the Reading Experience of Long-Form Journalism.&nbsp;<\/td><td>Anja Tj\u00e4rnhage, Ulrik S\u00f6derstr\u00f6m, Ole Norberg, Mattias Andersson, and Thomas Mejtoft<\/td><td><a target=\"_blank\" href=\"https:\/\/digitaleconomy.wales\/documents\/ecce-2023-papers\/06-The-Impact-of-Scrollytelling.pdf\" rel=\"noreferrer noopener\">download<\/a><\/td><\/tr><tr><td>Illuminating Muscle Memory&#8217;s Sinister Side: A Social Media Case Study.<\/td><td>Mariliza Kontogeorgou, Christof van Nimwegen, and Almila Akdag<\/td><td><a target=\"_blank\" href=\"https:\/\/digitaleconomy.wales\/documents\/ecce-2023-papers\/07-Illuminating-Muscle-Memorys-Sinister-Side.pdf\" rel=\"noreferrer noopener\">download<\/a><\/td><\/tr><tr><td>How Work-Related Communication Applications Affect Perceived Stress Levels Among Employees.<\/td><td>Ulrik S\u00f6derstr\u00f6m, Olivia Harlin, Ole Norberg, and Thomas Mejtoft<\/td><td><a target=\"_blank\" href=\"https:\/\/digitaleconomy.wales\/documents\/ecce-2023-papers\/08-How-work-related-communication.pdf\" rel=\"noreferrer noopener\">download<\/a><\/td><\/tr><tr><td>Between Problems and Meaningful Challenges \u2013 Drywall Installer&#8217;s Work Demands.<\/td><td>Marja Liinasuo, Tuisku-Tuuli Salonen, and Christopher G\u00f6rsch<\/td><td><a target=\"_blank\" href=\"https:\/\/digitaleconomy.wales\/documents\/ecce-2023-papers\/10-Drywall-Installers-Work-Demands.pdf\" rel=\"noreferrer noopener\">download<\/a><\/td><\/tr><tr><td>Human-Swarm Interaction in Semi-voluntary Search and Rescue Operations: Opportunities and Challenges.<\/td><td>Jonathan K\u00e4llb\u00e4cker and Oscar Bjurling<\/td><td><a target=\"_blank\" href=\"https:\/\/digitaleconomy.wales\/documents\/ecce-2023-papers\/11-Human-Swarm-Interaction.pdf\" rel=\"noreferrer noopener\">download<\/a><\/td><\/tr><tr><td>Building and Restructuring Social Media Platforms for Non-Binary Users: Pilot Survey of Non-Binary Social Media Users.&nbsp;<\/td><td>Molly O&#8217;Reilly-Kime<\/td><td><a target=\"_blank\" href=\"https:\/\/digitaleconomy.wales\/documents\/ecce-2023-papers\/12-Building-and-Restructuring-Social-Media-Platforms.pdf\" rel=\"noreferrer noopener\">download<\/a><\/td><\/tr><tr><td>Breaking Social Isolation for Older People Living Alone with Technology.<\/td><td>Jerome Dinet, Yann Morere, Rui Nouchi, Kohei Sakaki, Fabien Clanche, and Matthieu Casteran<\/td><td><a target=\"_blank\" href=\"https:\/\/digitaleconomy.wales\/documents\/ecce-2023-papers\/13-Breaking-Social-Isolation-for-Older-People.pdf\" rel=\"noreferrer noopener\">download<\/a><\/td><\/tr><tr><td>Move&#8217;n&#8217;Hold: Scalable Device-Based Interaction for Mixed Reality Handheld Displays.<\/td><td>Vera Marie Memmesheimer, Kai Jonas Klingshirn, Bahram Ravani, and Achim Ebert<\/td><td><a target=\"_blank\" href=\"https:\/\/digitaleconomy.wales\/documents\/ecce-2023-papers\/14-Move-n-Hold-Scalable.pdf\" rel=\"noreferrer noopener\">download<\/a><\/td><\/tr><tr><td>Tool-based Interaction for Precise Manipulation in VR: an Exploratory Study.<\/td><td>Eva Geurts, Jan Van den Bergh, and Bram Vanherle<\/td><td><a target=\"_blank\" href=\"https:\/\/digitaleconomy.wales\/documents\/ecce-2023-papers\/15-Tool-based-Interaction.pdf\" rel=\"noreferrer noopener\">download<\/a><\/td><\/tr><tr><td>Hope or Doom AI-ttitude? Examining the Impact of Gender, Age, and Cultural Differences on the Envisioned Future Impact of Artificial Intelligence on Humankind.<\/td><td>Simone Grassini and Alexander S\u00e6vild Ree<\/td><td><a target=\"_blank\" href=\"https:\/\/digitaleconomy.wales\/documents\/ecce-2023-papers\/16-Hope-or-Doom-AI-ttitude.pdf\" rel=\"noreferrer noopener\">download<\/a><\/td><\/tr><tr><td>Asymmetries in the Moral Judgements for Human Decision-Makers and Artificial Intelligence Systems (AI) Delegated to Make Legal Decisions.<\/td><td>Oronzo Parlangeli, Francesco Curr\u00f2, Paola Palmitesta, and Stefano Guidi<\/td><td><a target=\"_blank\" href=\"https:\/\/digitaleconomy.wales\/documents\/ecce-2023-papers\/17-Asymmetries-in-the-Moral-Judgements.pdf\" rel=\"noreferrer noopener\">download<\/a><\/td><\/tr><tr><td>Interactive Forecasts: Exploring Very Uncertain Projections of Quantitative Variables.<\/td><td>Martin Colbert<\/td><td><a target=\"_blank\" href=\"https:\/\/digitaleconomy.wales\/documents\/ecce-2023-papers\/18-Interactive-Forecasts.pdf\" rel=\"noreferrer noopener\">download<\/a><\/td><\/tr><tr><td>Cookies And Trust: Trust In Organizations And The Design of Cookie Consent Prompts.<\/td><td>Thomas Mejtoft, Nike Vejbrink Starbrink, Carla Roos Morales, Ole Norberg, Mattias Andersson, and Ulrik S\u00f6derstr\u00f6m<\/td><td><a target=\"_blank\" href=\"https:\/\/digitaleconomy.wales\/documents\/ecce-2023-papers\/19-Cookies-and-Trust.pdf\" rel=\"noreferrer noopener\">download<\/a><\/td><\/tr><tr><td>A Case Study of Data-Enabled Design for Cardiac Telemonitoring.<\/td><td>Alireza Khanshan, Lars Giling, Panos Markopoulos, and Pieter Van Gorp<\/td><td><a target=\"_blank\" href=\"https:\/\/digitaleconomy.wales\/documents\/ecce-2023-papers\/20-A-Case-Study-of-Data-Enabled-Design.pdf\" rel=\"noreferrer noopener\">download<\/a><\/td><\/tr><tr><td>The Typology of Digital Health Apps According to their Quality Scores and User Ratings: K-Means Clustering.<\/td><td>Maciej Hyzy, Raymond Bond, Maurice Mulvenna, Lu Bai, and Simon Leigh<\/td><td><a target=\"_blank\" href=\"https:\/\/digitaleconomy.wales\/documents\/ecce-2023-papers\/21-The-Typology-of-Digital-Health-Apps.pdf\" rel=\"noreferrer noopener\">download<\/a><\/td><\/tr><tr><td>Exploring the Variability of Human Factors and Usability Testing Methods for Evaluating Medical Devices &#8211; Preliminary Results<\/td><td>Ozelle Kimalel, Kyle Boyd, Justin Magee, and Raymond Bond<\/td><td><a target=\"_blank\" href=\"https:\/\/digitaleconomy.wales\/documents\/ecce-2023-papers\/22-Exploring-the-Variability-of-Human-Factors.pdf\" rel=\"noreferrer noopener\">download<\/a><\/td><\/tr><tr><td>Toward Designing for Social Connectedness in Cardiovascular Disease Self-Care<\/td><td>Jhon Adri\u00b4nmCer\u00c3\u00b3n-Guzm\u00b4n, Jun Hu, Daniel Tetteroo, and Panos Markopoulos<\/td><td><a target=\"_blank\" href=\"https:\/\/digitaleconomy.wales\/documents\/ecce-2023-papers\/23-Toward-Designing-for-Social-Connectedness.pdf\" rel=\"noreferrer noopener\">download<\/a><\/td><\/tr><tr><td>Do Children with Autism Benefit from Educational Interventions Utilizing a Tangible Interface and Audio-augmented Drawings?<\/td><td>Andrea Alessandrini<\/td><td><a target=\"_blank\" href=\"https:\/\/digitaleconomy.wales\/documents\/ecce-2023-papers\/24-Do-Children-with-Autism-Benefit.pdf\" rel=\"noreferrer noopener\">download<\/a><\/td><\/tr><tr><td>Does the Riskier Driving of Drivers with ADHD Generalize to Professional Drivers that are Monitored by Their Supervisors?<\/td><td>Tomer Elbaum, Assaf Botzer, Ishai Nir, Yoram Braw, Michal Shisha, and Shraga Shoval<\/td><td><a target=\"_blank\" href=\"https:\/\/digitaleconomy.wales\/documents\/ecce-2023-papers\/26-Driving-events-of-professional-drivers-with-ADHD.pdf\" rel=\"noreferrer noopener\">download<\/a><\/td><\/tr><tr><td>Autonomous Vehicles for Children with Mild Intellectual Disability: Perplexity, Curiosity, Surprise, and Confusion.<\/td><td>Mattias Arvola, Mattias Forsblad, Mikael Wiberg, and Henrik Danielsson<\/td><td><a target=\"_blank\" href=\"https:\/\/digitaleconomy.wales\/documents\/ecce-2023-papers\/27-Autonomous-Vehicles-for-Children.pdf\" rel=\"noreferrer noopener\">download<\/a><\/td><\/tr><tr><td>Self-Determination Theory Applied To Museum Website Experiences: Fulfil Visitor Needs, Increase Motivation, and Promote Engagemen<\/td><td>Alina Lushnikova, Christopher Morse, Sophie Doublet, Vincent Koenig, and Kerstin Bongard-Blanchy<\/td><td><a target=\"_blank\" href=\"https:\/\/digitaleconomy.wales\/documents\/ecce-2023-papers\/29-Self-Determination-Theory-Applied-To-Museum-Website.pdf\" rel=\"noreferrer noopener\">download<\/a><\/td><\/tr><tr><td>Co-designing a Museum Application with People with Intellectual Disabilities: Findings and Accessible Redesign.<\/td><td>Leandro Soares Guedes, Irene Zanardi, Marilina Mastrogiuseppe, Stefania Span, and Monica Landoni<\/td><td><a target=\"_blank\" href=\"https:\/\/digitaleconomy.wales\/documents\/ecce-2023-papers\/30-Co-designing-a-Museum-Application.pdf\" rel=\"noreferrer noopener\">download<\/a><\/td><\/tr><tr><td>Intentional Mind Wandering is Objectively Linked to Low Effort and Tasks with High Predictability.<\/td><td>Catarina I. Peral-Fuster, Rhiannon S. Herold, Oliver Alder, Omar Elkelani, Sara Ines Ribeiro-Ali, Eleanor M. Deane, Alexander P. L. Martindale, Ziqiao Qi, Carina E. I. Westling, and Harry J. Witchel<\/td><td><a target=\"_blank\" href=\"https:\/\/digitaleconomy.wales\/documents\/ecce-2023-papers\/31-Intentional-mind-wandering.pdf\" rel=\"noreferrer noopener\">download<\/a><\/td><\/tr><tr><td>Lingering Delays in a Go\/No-Go Task: Mind Wandering Delays Thought Probes Reliably But Not Reaction Times.<\/td><td>Alexander P. L. Martindale, Eleanor M. Deane, Catarina I. Peral-Fuster, Omar Elkelani, Ziqiao Qi, Sara I. Ribeiro-Ali, Rhiannon S. Herold, Carina E. I. Westling, and Harry J. Witchel<\/td><td><a target=\"_blank\" href=\"https:\/\/digitaleconomy.wales\/documents\/ecce-2023-papers\/32-Lingering-delays-in-a-go-no-go-task.pdf\" rel=\"noreferrer noopener\">download<\/a><\/td><\/tr><\/tbody><\/table><\/figure>\n","protected":false},"excerpt":{"rendered":"<p>The published ACM ECCE&#8217;23 Proceedings are now available here: https:\/\/dl.acm.org\/doi\/proceedings\/10.1145\/3605655 Download all files as a single zip (90Mb) Strategies, Practices, And Challenges In Interactive Prototypes Construction: A Field Study In A Design Course Andrea Alessandrini download Moments Of Surprise: Preparing Technology-Oriented Students For Interdisciplinary Work.&nbsp; Anke Dittmar download Rlabs Youth Caf\u00e9s And The Zlto Exchange [&hellip;]<\/p>\n","protected":false},"author":2,"featured_media":0,"parent":0,"menu_order":0,"comment_status":"closed","ping_status":"closed","template":"","meta":{"footnotes":""},"class_list":["post-368","page","type-page","status-publish","hentry"],"_links":{"self":[{"href":"https:\/\/digitaleconomy.wales\/ecce2023\/wp-json\/wp\/v2\/pages\/368","targetHints":{"allow":["GET"]}}],"collection":[{"href":"https:\/\/digitaleconomy.wales\/ecce2023\/wp-json\/wp\/v2\/pages"}],"about":[{"href":"https:\/\/digitaleconomy.wales\/ecce2023\/wp-json\/wp\/v2\/types\/page"}],"author":[{"embeddable":true,"href":"https:\/\/digitaleconomy.wales\/ecce2023\/wp-json\/wp\/v2\/users\/2"}],"replies":[{"embeddable":true,"href":"https:\/\/digitaleconomy.wales\/ecce2023\/wp-json\/wp\/v2\/comments?post=368"}],"version-history":[{"count":5,"href":"https:\/\/digitaleconomy.wales\/ecce2023\/wp-json\/wp\/v2\/pages\/368\/revisions"}],"predecessor-version":[{"id":373,"href":"https:\/\/digitaleconomy.wales\/ecce2023\/wp-json\/wp\/v2\/pages\/368\/revisions\/373"}],"wp:attachment":[{"href":"https:\/\/digitaleconomy.wales\/ecce2023\/wp-json\/wp\/v2\/media?parent=368"}],"curies":[{"name":"wp","href":"https:\/\/api.w.org\/{rel}","templated":true}]}}